{"id":11,"date":"2024-01-27T08:49:32","date_gmt":"2024-01-27T07:49:32","guid":{"rendered":"https:\/\/cake-health.com\/?page_id=11"},"modified":"2025-01-09T17:01:25","modified_gmt":"2025-01-09T16:01:25","slug":"impressum","status":"publish","type":"page","link":"https:\/\/cake-health.com\/en\/impressum\/","title":{"rendered":"Imprint"},"content":{"rendered":"<div class=\"wp-block-columns is-layout-flex wp-container-core-columns-is-layout-9d6595d7 wp-block-columns-is-layout-flex\">\n<div class=\"wp-block-column is-layout-flow wp-block-column-is-layout-flow\">\n<h1 class=\"wp-block-heading has-cake-secondary-color has-text-color has-link-color wp-elements-2aed5d226e7c1b1e0074ef3ba49a1bde\">Imprint<\/h1>\n\n\n\n<h3 class=\"wp-block-heading has-cake-secondary-color has-text-color has-link-color wp-elements-a15ab26ea4164dfa785832e50c230627\">CAKE KOMMUNIKATIONS GMBH<br>Limited liability company Advertising agency<\/h3>\n\n\n\n<p>Grundsteingasse 12<br>1160 Vienna<\/p>\n\n\n\n<p>UID-No. ATU63370088<br>FN: 290466g<br>FB Court: Commercial Court Vienna<br>Company headquarters: Vienna<br>Chamber affiliation: Vienna Chamber of Commerce, member of the WK\u00d6, advertising and information and consulting divisions.&nbsp;<a rel=\"noreferrer noopener\" href=\"http:\/\/www.wkoecg.at\/Web\/Ecg.aspx?FirmaID=33a31e87-2849-460f-99f3-ab80a034fb14&amp;AspxAutoDetectCookieSupport=1\" target=\"_blank\">ECG<\/a>Magistratisches Bezirksamt des XVI. Bezirkes<\/p>\n\n\n\n<h3 class=\"wp-block-heading has-cake-secondary-color has-text-color has-link-color wp-elements-7b09eb44700ed0b260b02c3451281079\">CAKE Kommunikations AG<\/h3>\n\n\n\n<p>P.O. Box 7715<br>Baarerstrasse 21<br>CH-6300 Zug<\/p>\n\n\n\n<p>Firmennummer\/UID-Nummer CHE-447.479.250<\/p>\n\n\n\n<h3 class=\"wp-block-heading has-cake-secondary-color has-text-color has-link-color wp-elements-46bb7fcba45ffefcece33cf00728b676\">CAKE Kommunikations GmbH<\/h3>\n\n\n\n<p>Valley 26<br>80331 Munich<\/p>\n\n\n\n<p>UID: DE361930739<br>Item no.: 143\/123\/12248<\/p>\n\n\n\n<div style=\"height:150px\" aria-hidden=\"true\" class=\"wp-block-spacer\"><\/div>\n<\/div>\n<\/div>\n\n\n<div class=\"lazyblock-cake-contact-2bQ1jh wp-block-lazyblock-cake-contact\"><section class=\"contact-wrapper\" id=\"contact\" name=\"contact\" style=\"background-image:url(https:\/\/res.cloudinary.com\/dpdghbxeu\/images\/v1726569197\/contact-zu-cake_19543a60\/contact-zu-cake_19543a60.jpg?_i=AA)\">\n  <!--<div id=\"birds\"><img decoding=\"async\" src=\"\/wp-content\/themes\/custom-theme\/assets\/images\/birds.gif\" \/><\/div>-->\n  <div class=\"container\">\n    <div class=\"row\">\n      <div class=\"col-sm col-sm-12 top\">\n                  <div><h2>Let's Cake it.<\/h2><\/div>\n        \n        <div class=\"social\">\n                      <a href=\"https:\/\/www.instagram.com\/cake.kommunikation\/?hl=de\" target=\"_blank\"><img decoding=\"async\" src=\"\/wp-content\/themes\/custom-theme\/assets\/images\/icon-instagram.svg\" \/><\/a>\n                                <a href=\"https:\/\/www.linkedin.com\/company\/cakehealth\/\" target=\"_blank\"><img decoding=\"async\" src=\"\/wp-content\/themes\/custom-theme\/assets\/images\/icon-linkedin.svg\" \/><\/a>\n                  <\/div>\n      <\/div>\n    <\/div>\n    <div class=\"row standorte-row\">\n      <div class=\"col-sm col-sm-12 bird-col\">\n        <div class=\"birds-wrapper\"><img decoding=\"async\" src=\"\/wp-content\/themes\/custom-theme\/assets\/images\/birds.gif\" \/><\/div>\n      <\/div>\n              <div class=\"col-sm col-sm-12 col-md-12 col-lg-4\">\n          <div class=\"contact-inner-wrapper\">\n              <div class=\"text\">\n                                  <h3>\n                    CAKE MUNICH                  <\/h3>\n                                                  <div class=\"content\"><p>Tal 26, 80331 Munich<br \/><br \/><a href=\"tel:+493022013997\">+49 89 125 092 27<\/a> <br \/><a href=\"mailto:muenchen@cake-health.com\">muenchen@cake-health.com<\/a><\/p><\/div>\n                              <\/div>\n          <\/div>\n        <\/div>\n              <div class=\"col-sm col-sm-12 col-md-12 col-lg-4\">\n          <div class=\"contact-inner-wrapper\">\n              <div class=\"text\">\n                                  <h3>\n                    Cake Vienna                  <\/h3>\n                                                  <div class=\"content\"><p>Grundsteingasse 12, 1160 Vienna<br \/><br \/><a href=\"tel:+43123612140\">+43 1 236 12 14 0<\/a> <br \/><a href=\"mailto:wien@cake-health.com\">wien@cake-health.com<\/a><\/p><\/div>\n                              <\/div>\n          <\/div>\n        <\/div>\n              <div class=\"col-sm col-sm-12 col-md-12 col-lg-4\">\n          <div class=\"contact-inner-wrapper\">\n              <div class=\"text\">\n                                  <h3>\n                    Cake Zug                  <\/h3>\n                                                  <div class=\"content\"><p>Baarerstrasse 21, 6300 Zug<br \/><br \/><a href=\"tel:+41415117850\">+41 41 511 78 50<\/a> <br \/><a href=\"mailto:zug@cake-health.com\">zug@cake-health.com<\/a><\/p><\/div>\n                              <\/div>\n          <\/div>\n        <\/div>\n          <\/div>\n  <\/div>\n<\/section><\/div>","protected":false},"excerpt":{"rendered":"<p>Imprint CAKE KOMMUNIKATIONS GMBHGesellschaft mit beschr\u00e4nkter Haftung Werbeagentur Grundsteingasse 121160 Wien UID-Nr. ATU63370088FN: 290466gFB-Gericht: Handelsgericht WienFirmsitz: WienKammerzuh\u00f6rigkeit: Wirtschaftskammer Wien, Mitglied der WK\u00d6, Sparten Werbung, sowie Information und Consulting Beh\u00f6rde gem. ECG: Magistratisches Bezirksamt des XVI. Bezirkes CAKE Kommunikations AG Postfach 7715Baarerstrasse 21CH-6300 Zug Company number\/UID number CHE-447.479.250 CAKE Kommunikations GmbH Tal 2680331 Munich UID: DE361930739St.Nr.: 143\/123\/12248<\/p>","protected":false},"author":1,"featured_media":0,"parent":0,"menu_order":0,"comment_status":"closed","ping_status":"closed","template":"","meta":{"_acf_changed":false,"inline_featured_image":false,"_cloudinary_featured_overwrite":false,"footnotes":""},"class_list":["post-11","page","type-page","status-publish","hentry"],"acf":[],"_links":{"self":[{"href":"https:\/\/cake-health.com\/en\/wp-json\/wp\/v2\/pages\/11","targetHints":{"allow":["GET"]}}],"collection":[{"href":"https:\/\/cake-health.com\/en\/wp-json\/wp\/v2\/pages"}],"about":[{"href":"https:\/\/cake-health.com\/en\/wp-json\/wp\/v2\/types\/page"}],"author":[{"embeddable":true,"href":"https:\/\/cake-health.com\/en\/wp-json\/wp\/v2\/users\/1"}],"replies":[{"embeddable":true,"href":"https:\/\/cake-health.com\/en\/wp-json\/wp\/v2\/comments?post=11"}],"version-history":[{"count":7,"href":"https:\/\/cake-health.com\/en\/wp-json\/wp\/v2\/pages\/11\/revisions"}],"predecessor-version":[{"id":55913,"href":"https:\/\/cake-health.com\/en\/wp-json\/wp\/v2\/pages\/11\/revisions\/55913"}],"wp:attachment":[{"href":"https:\/\/cake-health.com\/en\/wp-json\/wp\/v2\/media?parent=11"}],"curies":[{"name":"wp","href":"https:\/\/api.w.org\/{rel}","templated":true}]}}